{"id":4529,"date":"2019-09-01T19:29:48","date_gmt":"2019-09-01T18:29:48","guid":{"rendered":"http:\/\/dev5.sclerodermie.ca\/health-professionals\/symptoms-and-treatments\/maladie-de-raynaud\/"},"modified":"2019-09-25T17:03:46","modified_gmt":"2019-09-25T16:03:46","slug":"maladie-de-raynaud","status":"publish","type":"page","link":"http:\/\/dev5.sclerodermie.ca\/en\/health-professionals\/symptoms-and-treatments\/maladie-de-raynaud\/","title":{"rendered":"Maladie de Raynaud"},"content":{"rendered":"<h2>Sympt\u00f4mes et traitements<\/h2>\n<p>&nbsp;<\/p>\n<table style=\"height: 5px;\" width=\"450\" cellspacing=\"3\">\n<thead>\n<tr style=\"height: 2px;\">\n<td style=\"border-color: #ed7f18; background-color: #f57514; width: 275px; height: 55px; vertical-align: middle;\">\u00a0<\/td>\n<td style=\"border-color: #ed7f18; background-color: #f57514; width: 275px; height: 55px; vertical-align: middle;\">\n<p><span style=\"color: #ffffff; font-size: 10pt;\"><strong>Actions<\/strong><\/span><\/p>\n<\/td>\n<td style=\"border-color: #ed7f18; background-color: #f57514; width: 275px; height: 55px; vertical-align: middle;\">\n<p><span style=\"color: #ffffff; font-size: 10pt;\"><strong>Effets ind\u00e9sirables <br \/>\nles plus courants<\/strong><\/span><\/p>\n<\/td>\n<\/tr>\n<\/thead>\n<tbody>\n<tr>\n<td style=\"border-color: #ed7f18; background-color: #ffffff; width: 150px; vertical-align: top;\">\u00a0<\/td>\n<td style=\"border-color: #ed7f18; background-color: #ffffff; width: 150px; vertical-align: top;\">\u00a0<\/td>\n<td style=\"border-color: #ed7f18; background-color: #ffffff; width: 150px; vertical-align: top;\">\u00a0<\/td>\n<\/tr>\n<tr>\n<td style=\"border-color: #ed7f18; background-color: #ffffff; width: 150px; vertical-align: top;\" colspan=\"2\">\n<p><strong>Bloqueurs de canaux calciques<\/strong><\/p>\n<\/td>\n<td style=\"border-color: #ed7f18; background-color: #ffffff; width: 190px;\">\u00a0<\/td>\n<\/tr>\n<tr>\n<td style=\"border-color: #ed7f18; background-color: #ffffff; width: 150px; vertical-align: top;\">\n<p>Nif\u00e9dipine (Adalat<sup>MD<\/sup>)<br \/>\nAmlodopine (Norvasc<sup>MD<\/sup>)<br \/>\nDiltiazem (cardizem<sup>MD<\/sup>)<br \/>\nF\u00e9lodipine (Plendil<sup>MD<\/sup>)<strong><br \/>\n<\/strong><\/p>\n<\/td>\n<td style=\"border-color: #ed7f18; background-color: #ffffff; width: 125px;\">Rel\u00e2che les <br \/>\nvaisseaux <br \/>\nsanguins<\/td>\n<td style=\"border-color: #ed7f18; background-color: #ffffff; width: 190px;\">Bouff\u00e9es de chaleur, maux de t\u00eate, \u00e9tourdissements, constipation, <br \/>\nhypotension art\u00e9rielle,\u00a0 \u0153d\u00e8mes aux jambes, <br \/>\npalpitations.<\/td>\n<\/tr>\n<tr style=\"background-color: #f57514;\">\n<td style=\"border-color: #ed7f18; width: 150px; background-color: #ffffff; vertical-align: top;\" colspan=\"3\">\n<hr \/>\n<\/td>\n<\/tr>\n<tr>\n<td style=\"border-color: #ed7f18; background-color: #ffffff; width: 150px; vertical-align: top;\" colspan=\"3\">\n<p><strong>Antagonistes des <strong>r\u00e9cepteurs de <\/strong><strong>l\u2019angiotensine II<\/strong><\/strong><\/p>\n<\/td>\n<\/tr>\n<tr>\n<td style=\"border-color: #ed7f18; background-color: #ffffff; width: 150px; vertical-align: top;\">\n<p>Losartan<br \/>\n(Cozaar<sup>MD<\/sup>)<\/p>\n<\/td>\n<td style=\"border-color: #ed7f18; background-color: #ffffff; width: 125px;\">Inhibe la <br \/>\nconstriction<br \/>\ndes vaisseaux <br \/>\nsanguins\u00a0<\/td>\n<td style=\"border-color: #ed7f18; background-color: #ffffff; width: 190px;\">Maux de t\u00eate, infection des voies respiratoires,\u00a0 \u00e9tourdissements, fatigue, toux s\u00e8che.\u00a0<\/td>\n<\/tr>\n<tr>\n<td style=\"border-color: #ed7f18; background-color: #ffffff; width: 150px; vertical-align: top;\" colspan=\"3\">\n<hr \/>\n<\/td>\n<\/tr>\n<tr>\n<td style=\"border-color: #ed7f18; background-color: #ffffff; width: 150px; vertical-align: top;\" colspan=\"3\">\n<p><strong>Bloqueurs <strong>alpha-adr\u00e9nergiques<\/strong><\/strong><\/p>\n<\/td>\n<\/tr>\n<tr>\n<td style=\"border-color: #ed7f18; background-color: #ffffff; width: 150px; vertical-align: top;\">\n<p>Prazosine<br \/>\n(Minipress<sup>MD<\/sup>)<\/p>\n<\/td>\n<td style=\"border-color: #ed7f18; background-color: #ffffff; width: 125px;\">Rel\u00e2che les <br \/>\nvaisseaux sanguins\u00a0<\/td>\n<td style=\"border-color: #ed7f18; background-color: #ffffff; width: 190px;\">\u00c9tourdissements, maux de t\u00eate, somnolence, fatigue, faiblesse, palpitations, naus\u00e9es.\u00a0<\/td>\n<\/tr>\n<tr>\n<td style=\"border-color: #ed7f18; background-color: #ffffff; width: 150px; vertical-align: top;\" colspan=\"3\">\n<hr \/>\n<\/td>\n<\/tr>\n<tr>\n<td style=\"border-color: #ed7f18; background-color: #ffffff; width: 150px; vertical-align: top;\">\n<p><strong>Autres<\/strong><\/p>\n<\/td>\n<td style=\"border-color: #ed7f18; background-color: #ffffff; width: 125px;\">\u00a0<\/td>\n<td style=\"border-color: #ed7f18; background-color: #ffffff; width: 190px;\">\u00a0<\/td>\n<\/tr>\n<tr>\n<td style=\"border-color: #ed7f18; background-color: #ffffff; width: 150px; vertical-align: top;\">\n<p>Pentoxifylline<br \/>\n(Trental<sup>MD<\/sup>)<\/p>\n<\/td>\n<td style=\"border-color: #ed7f18; background-color: #ffffff; width: 150px; vertical-align: top;\">Incertaine<\/td>\n<td style=\"border-color: #ed7f18; background-color: #ffffff; width: 150px; vertical-align: top;\">Naus\u00e9es, \u00e9tourdissements, maux de t\u00eate, vomissements.<\/td>\n<\/tr>\n<tr>\n<td style=\"border-color: #ed7f18; width: 150px; vertical-align: top;\" colspan=\"3\">\n<hr \/>\n<\/td>\n<\/tr>\n<\/tbody>\n<\/table>\n<p>&nbsp;<\/p>\n<p><span style=\"font-size: 12pt;\"><a href=\"http:\/\/dev5.sclerodermie.ca\/professionnels-de-la-sante\/symptomes-et-traitements\/\">Guide des m\u00e9dicaments pour la scl\u00e9rodermie (Canada)<\/a><\/span><\/p>\n","protected":false},"excerpt":{"rendered":"<p>Sympt\u00f4mes et traitements &nbsp; \u00a0 Actions Effets ind\u00e9sirables les plus courants \u00a0 \u00a0 \u00a0 Bloqueurs de canaux calciques \u00a0 Nif\u00e9dipine (AdalatMD) Amlodopine (NorvascMD) Diltiazem (cardizemMD) F\u00e9lodipine (PlendilMD) Rel\u00e2che les vaisseaux sanguins Bouff\u00e9es de chaleur, maux de t\u00eate, \u00e9tourdissements, constipation, hypotension art\u00e9rielle,\u00a0 \u0153d\u00e8mes aux jambes, palpitations. Antagonistes des r\u00e9cepteurs de l\u2019angiotensine II Losartan (CozaarMD) Inhibe la [&hellip;]<\/p>\n","protected":false},"author":5,"featured_media":0,"parent":2316,"menu_order":0,"comment_status":"closed","ping_status":"closed","template":"page-professionnels.php","meta":[],"acf":[],"yoast_head":"<!-- This site is optimized with the Yoast SEO plugin v19.14 - https:\/\/yoast.com\/wordpress\/plugins\/seo\/ -->\n<title>Maladie de Raynaud - Sclerodermie<\/title>\n<meta name=\"robots\" content=\"index, follow, max-snippet:-1, max-image-preview:large, max-video-preview:-1\" \/>\n<link rel=\"canonical\" href=\"http:\/\/dev5.sclerodermie.ca\/en\/health-professionals\/symptoms-and-treatments\/maladie-de-raynaud\/\" \/>\n<meta property=\"og:locale\" content=\"en_US\" \/>\n<meta property=\"og:type\" content=\"article\" \/>\n<meta property=\"og:title\" content=\"Maladie de Raynaud - Sclerodermie\" \/>\n<meta property=\"og:description\" content=\"Sympt\u00f4mes et traitements &nbsp; \u00a0 Actions Effets ind\u00e9sirables les plus courants \u00a0 \u00a0 \u00a0 Bloqueurs de canaux calciques \u00a0 Nif\u00e9dipine (AdalatMD) Amlodopine (NorvascMD) Diltiazem (cardizemMD) F\u00e9lodipine (PlendilMD) Rel\u00e2che les vaisseaux sanguins Bouff\u00e9es de chaleur, maux de t\u00eate, \u00e9tourdissements, constipation, hypotension art\u00e9rielle,\u00a0 \u0153d\u00e8mes aux jambes, palpitations. Antagonistes des r\u00e9cepteurs de l\u2019angiotensine II Losartan (CozaarMD) Inhibe la [&hellip;]\" \/>\n<meta property=\"og:url\" content=\"http:\/\/dev5.sclerodermie.ca\/en\/health-professionals\/symptoms-and-treatments\/maladie-de-raynaud\/\" \/>\n<meta property=\"og:site_name\" content=\"Sclerodermie\" \/>\n<meta property=\"article:modified_time\" content=\"2019-09-25T16:03:46+00:00\" \/>\n<meta name=\"twitter:card\" content=\"summary_large_image\" \/>\n<meta name=\"twitter:label1\" content=\"Est. reading time\" \/>\n\t<meta name=\"twitter:data1\" content=\"1 minute\" \/>\n<script type=\"application\/ld+json\" class=\"yoast-schema-graph\">{\"@context\":\"https:\/\/schema.org\",\"@graph\":[{\"@type\":\"WebPage\",\"@id\":\"http:\/\/dev5.sclerodermie.ca\/en\/health-professionals\/symptoms-and-treatments\/maladie-de-raynaud\/\",\"url\":\"http:\/\/dev5.sclerodermie.ca\/en\/health-professionals\/symptoms-and-treatments\/maladie-de-raynaud\/\",\"name\":\"Maladie de Raynaud - Sclerodermie\",\"isPartOf\":{\"@id\":\"http:\/\/dev5.sclerodermie.ca\/#website\"},\"datePublished\":\"2019-09-01T18:29:48+00:00\",\"dateModified\":\"2019-09-25T16:03:46+00:00\",\"breadcrumb\":{\"@id\":\"http:\/\/dev5.sclerodermie.ca\/en\/health-professionals\/symptoms-and-treatments\/maladie-de-raynaud\/#breadcrumb\"},\"inLanguage\":\"en-US\",\"potentialAction\":[{\"@type\":\"ReadAction\",\"target\":[\"http:\/\/dev5.sclerodermie.ca\/en\/health-professionals\/symptoms-and-treatments\/maladie-de-raynaud\/\"]}]},{\"@type\":\"BreadcrumbList\",\"@id\":\"http:\/\/dev5.sclerodermie.ca\/en\/health-professionals\/symptoms-and-treatments\/maladie-de-raynaud\/#breadcrumb\",\"itemListElement\":[{\"@type\":\"ListItem\",\"position\":1,\"name\":\"Accueil\",\"item\":\"http:\/\/dev5.sclerodermie.ca\/en\/\"},{\"@type\":\"ListItem\",\"position\":2,\"name\":\"Health Professionals\",\"item\":\"http:\/\/dev5.sclerodermie.ca\/en\/health-professionals\/\"},{\"@type\":\"ListItem\",\"position\":3,\"name\":\"Symptoms and Treatments\",\"item\":\"http:\/\/dev5.sclerodermie.ca\/en\/?page_id=2316\"},{\"@type\":\"ListItem\",\"position\":4,\"name\":\"Maladie de Raynaud\"}]},{\"@type\":\"WebSite\",\"@id\":\"http:\/\/dev5.sclerodermie.ca\/#website\",\"url\":\"http:\/\/dev5.sclerodermie.ca\/\",\"name\":\"Sclerodermie\",\"description\":\"\",\"potentialAction\":[{\"@type\":\"SearchAction\",\"target\":{\"@type\":\"EntryPoint\",\"urlTemplate\":\"http:\/\/dev5.sclerodermie.ca\/?s={search_term_string}\"},\"query-input\":\"required name=search_term_string\"}],\"inLanguage\":\"en-US\"}]}<\/script>\n<!-- \/ Yoast SEO plugin. -->","yoast_head_json":{"title":"Maladie de Raynaud - Sclerodermie","robots":{"index":"index","follow":"follow","max-snippet":"max-snippet:-1","max-image-preview":"max-image-preview:large","max-video-preview":"max-video-preview:-1"},"canonical":"http:\/\/dev5.sclerodermie.ca\/en\/health-professionals\/symptoms-and-treatments\/maladie-de-raynaud\/","og_locale":"en_US","og_type":"article","og_title":"Maladie de Raynaud - Sclerodermie","og_description":"Sympt\u00f4mes et traitements &nbsp; \u00a0 Actions Effets ind\u00e9sirables les plus courants \u00a0 \u00a0 \u00a0 Bloqueurs de canaux calciques \u00a0 Nif\u00e9dipine (AdalatMD) Amlodopine (NorvascMD) Diltiazem (cardizemMD) F\u00e9lodipine (PlendilMD) Rel\u00e2che les vaisseaux sanguins Bouff\u00e9es de chaleur, maux de t\u00eate, \u00e9tourdissements, constipation, hypotension art\u00e9rielle,\u00a0 \u0153d\u00e8mes aux jambes, palpitations. Antagonistes des r\u00e9cepteurs de l\u2019angiotensine II Losartan (CozaarMD) Inhibe la [&hellip;]","og_url":"http:\/\/dev5.sclerodermie.ca\/en\/health-professionals\/symptoms-and-treatments\/maladie-de-raynaud\/","og_site_name":"Sclerodermie","article_modified_time":"2019-09-25T16:03:46+00:00","twitter_card":"summary_large_image","twitter_misc":{"Est. reading time":"1 minute"},"schema":{"@context":"https:\/\/schema.org","@graph":[{"@type":"WebPage","@id":"http:\/\/dev5.sclerodermie.ca\/en\/health-professionals\/symptoms-and-treatments\/maladie-de-raynaud\/","url":"http:\/\/dev5.sclerodermie.ca\/en\/health-professionals\/symptoms-and-treatments\/maladie-de-raynaud\/","name":"Maladie de Raynaud - Sclerodermie","isPartOf":{"@id":"http:\/\/dev5.sclerodermie.ca\/#website"},"datePublished":"2019-09-01T18:29:48+00:00","dateModified":"2019-09-25T16:03:46+00:00","breadcrumb":{"@id":"http:\/\/dev5.sclerodermie.ca\/en\/health-professionals\/symptoms-and-treatments\/maladie-de-raynaud\/#breadcrumb"},"inLanguage":"en-US","potentialAction":[{"@type":"ReadAction","target":["http:\/\/dev5.sclerodermie.ca\/en\/health-professionals\/symptoms-and-treatments\/maladie-de-raynaud\/"]}]},{"@type":"BreadcrumbList","@id":"http:\/\/dev5.sclerodermie.ca\/en\/health-professionals\/symptoms-and-treatments\/maladie-de-raynaud\/#breadcrumb","itemListElement":[{"@type":"ListItem","position":1,"name":"Accueil","item":"http:\/\/dev5.sclerodermie.ca\/en\/"},{"@type":"ListItem","position":2,"name":"Health Professionals","item":"http:\/\/dev5.sclerodermie.ca\/en\/health-professionals\/"},{"@type":"ListItem","position":3,"name":"Symptoms and Treatments","item":"http:\/\/dev5.sclerodermie.ca\/en\/?page_id=2316"},{"@type":"ListItem","position":4,"name":"Maladie de Raynaud"}]},{"@type":"WebSite","@id":"http:\/\/dev5.sclerodermie.ca\/#website","url":"http:\/\/dev5.sclerodermie.ca\/","name":"Sclerodermie","description":"","potentialAction":[{"@type":"SearchAction","target":{"@type":"EntryPoint","urlTemplate":"http:\/\/dev5.sclerodermie.ca\/?s={search_term_string}"},"query-input":"required name=search_term_string"}],"inLanguage":"en-US"}]}},"_links":{"self":[{"href":"http:\/\/dev5.sclerodermie.ca\/en\/wp-json\/wp\/v2\/pages\/4529"}],"collection":[{"href":"http:\/\/dev5.sclerodermie.ca\/en\/wp-json\/wp\/v2\/pages"}],"about":[{"href":"http:\/\/dev5.sclerodermie.ca\/en\/wp-json\/wp\/v2\/types\/page"}],"author":[{"embeddable":true,"href":"http:\/\/dev5.sclerodermie.ca\/en\/wp-json\/wp\/v2\/users\/5"}],"replies":[{"embeddable":true,"href":"http:\/\/dev5.sclerodermie.ca\/en\/wp-json\/wp\/v2\/comments?post=4529"}],"version-history":[{"count":1,"href":"http:\/\/dev5.sclerodermie.ca\/en\/wp-json\/wp\/v2\/pages\/4529\/revisions"}],"predecessor-version":[{"id":13102,"href":"http:\/\/dev5.sclerodermie.ca\/en\/wp-json\/wp\/v2\/pages\/4529\/revisions\/13102"}],"up":[{"embeddable":true,"href":"http:\/\/dev5.sclerodermie.ca\/en\/wp-json\/wp\/v2\/pages\/2316"}],"wp:attachment":[{"href":"http:\/\/dev5.sclerodermie.ca\/en\/wp-json\/wp\/v2\/media?parent=4529"}],"curies":[{"name":"wp","href":"https:\/\/api.w.org\/{rel}","templated":true}]}}