{"id":392,"date":"2020-11-25T14:20:44","date_gmt":"2020-11-25T13:20:44","guid":{"rendered":"http:\/\/dev5.sclerodermie.ca\/?page_id=392"},"modified":"2020-11-26T22:25:44","modified_gmt":"2020-11-26T21:25:44","slug":"find-a-support-group","status":"publish","type":"page","link":"http:\/\/dev5.sclerodermie.ca\/en\/support-and-assistance\/find-a-support-group\/","title":{"rendered":"Find a support group"},"content":{"rendered":"<table class=\"widefat acf-input-table \">\n<thead>\n<tr>\n<th class=\"acf-th-ville_region field_key-field_53861de716b0f\" style=\"font-weight: 400;\">Ville R\u00e9gion<\/th>\n<th class=\"acf-th-titre field_key-field_53861e0616b10\" style=\"font-weight: 400;\">Titre<\/th>\n<th class=\"acf-th-description field_key-field_53861e1116b11\" style=\"font-weight: 400;\">Description<\/th>\n<th class=\"acf-th-contacts field_key-field_53975b3b66464\" style=\"font-weight: 400;\">Contacts<\/th>\n<th class=\"remove\" style=\"font-weight: 400;\">\u00a0<\/th>\n<\/tr>\n<\/thead>\n<tbody class=\"ui-sortable\">\n<tr class=\"row\">\n<td class=\"order\" style=\"font-weight: inherit; color: #aaaaaa;\">1<\/td>\n<td class=\"field sub_field field_type-text field_key-field_53861de716b0f\" style=\"font-weight: inherit;\" data-field_type=\"text\" data-field_key=\"field_53861de716b0f\" data-field_name=\"ville_region\">\n<div class=\"inner\">\n<div class=\"acf-input-wrap\"><input id=\"acf-field-field_53861dda16b0e_0_field_53861de716b0f\" class=\"text\" style=\"font-weight: inherit;\" name=\"fields[field_53861dda16b0e][0][field_53861de716b0f]\" type=\"text\" value=\"Abitibi-T\u00e9miscamingue\" placeholder=\"\" \/><\/div>\n<\/div>\n<\/td>\n<td class=\"field sub_field field_type-text field_key-field_53861e0616b10\" style=\"font-weight: inherit;\" data-field_type=\"text\" data-field_key=\"field_53861e0616b10\" data-field_name=\"titre\">\n<div class=\"inner\">\n<div class=\"acf-input-wrap\"><input id=\"acf-field-field_53861dda16b0e_0_field_53861e0616b10\" class=\"text\" style=\"font-weight: inherit;\" name=\"fields[field_53861dda16b0e][0][field_53861e0616b10]\" type=\"text\" value=\"Groupe de soutien de l'Abitibi-T\u00e9miscamingue\" placeholder=\"\" \/><\/div>\n<\/div>\n<\/td>\n<td class=\"field sub_field field_type-wysiwyg field_key-field_53861e1116b11\" style=\"font-weight: inherit;\" data-field_type=\"wysiwyg\" data-field_key=\"field_53861e1116b11\" data-field_name=\"description\">\n<div class=\"inner\">\n<div id=\"wp-wysiwyg-acf-field-field_53861dda16b0e_0_field_53861e1116b11-54778b544d081-wrap\" class=\"acf_wysiwyg wp-editor-wrap\" data-toolbar=\"full\" data-upload=\"yes\">\n<div id=\"wp-wysiwyg-acf-field-field_53861dda16b0e_0_field_53861e1116b11-54778b544d081-editor-tools\" class=\"wp-editor-tools\">\n<div id=\"wp-wysiwyg-acf-field-field_53861dda16b0e_0_field_53861e1116b11-54778b544d081-media-buttons\" class=\"hide-if-no-js wp-media-buttons\"><a id=\"insert-media-button\" class=\"button insert-media add_media\" style=\"color: #555555;\" title=\"Ajouter un m\u00e9dia\" href=\"http:\/\/dev5.sclerodermie.ca\/wp-admin\/post.php?post=267&amp;action=edit&amp;lang=fr&amp;admin_bar=1#\" data-editor=\"\">\u00a0Ajouter un m\u00e9dia<\/a><\/div>\n<\/div>\n<div id=\"wp-wysiwyg-acf-field-field_53861dda16b0e_0_field_53861e1116b11-54778b544d081-editor-container\" class=\"wp-editor-container\">\n<div id=\"mce_477\" class=\"mce-tinymce mce-container mce-panel\" style=\"color: inherit;\" tabindex=\"-1\">\n<div id=\"mce_477-body\" class=\"mce-container-body mce-stack-layout\" style=\"color: inherit;\">\n<div id=\"mce_478\" class=\"mce-container mce-menubar mce-toolbar mce-first mce-stack-layout-item\" style=\"color: inherit;\">\n<div id=\"mce_478-body\" class=\"mce-container-body mce-flow-layout\" style=\"color: inherit;\">\n<div id=\"mce_479\" class=\"mce-widget mce-btn mce-menubtn mce-first mce-flow-layout-item\" style=\"color: inherit;\" tabindex=\"-1\"><button id=\"mce_479-open\" tabindex=\"-1\" type=\"button\">Fichier\u00a0<i class=\"mce-caret\" style=\"color: inherit;\"><\/i><\/button><\/div>\n<div id=\"mce_480\" class=\"mce-widget mce-btn mce-menubtn mce-flow-layout-item\" style=\"color: inherit;\" tabindex=\"-1\"><button id=\"mce_480-open\" tabindex=\"-1\" type=\"button\">Modifier\u00a0<i class=\"mce-caret\" style=\"color: inherit;\"><\/i><\/button><\/div>\n<div id=\"mce_481\" class=\"mce-widget mce-btn mce-menubtn mce-flow-layout-item\" style=\"color: inherit;\" tabindex=\"-1\"><button id=\"mce_481-open\" tabindex=\"-1\" type=\"button\">Ins\u00e9rer\u00a0<i class=\"mce-caret\" style=\"color: inherit;\"><\/i><\/button><\/div>\n<div id=\"mce_482\" class=\"mce-widget mce-btn mce-menubtn mce-flow-layout-item\" style=\"color: inherit;\" tabindex=\"-1\"><button id=\"mce_482-open\" tabindex=\"-1\" type=\"button\">Voir\u00a0<i class=\"mce-caret\" style=\"color: inherit;\"><\/i><\/button><\/div>\n<div id=\"mce_483\" class=\"mce-widget mce-btn mce-menubtn mce-flow-layout-item\" style=\"color: inherit;\" tabindex=\"-1\"><button id=\"mce_483-open\" tabindex=\"-1\" type=\"button\">Formater\u00a0<i class=\"mce-caret\" style=\"color: inherit;\"><\/i><\/button><\/div>\n<div id=\"mce_484\" class=\"mce-widget mce-btn mce-menubtn mce-flow-layout-item\" style=\"color: inherit;\" tabindex=\"-1\"><button id=\"mce_484-open\" tabindex=\"-1\" type=\"button\">Tableau\u00a0<i class=\"mce-caret\" style=\"color: inherit;\"><\/i><\/button><\/div>\n<div id=\"mce_485\" class=\"mce-widget mce-btn mce-menubtn mce-last mce-flow-layout-item\" style=\"color: inherit;\" tabindex=\"-1\"><button id=\"mce_485-open\" tabindex=\"-1\" type=\"button\">Outils\u00a0<i class=\"mce-caret\" style=\"color: inherit;\"><\/i><\/button><\/div>\n<\/div>\n<\/div>\n<div id=\"mce_486\" class=\"mce-toolbar-grp mce-container mce-panel mce-stack-layout-item\" style=\"color: inherit;\" tabindex=\"-1\">\n<div id=\"mce_486-body\" class=\"mce-container-body mce-stack-layout\" style=\"color: inherit;\">\n<div id=\"mce_487\" class=\"mce-container mce-toolbar mce-first mce-last mce-stack-layout-item\" style=\"color: inherit;\">\n<div id=\"mce_487-body\" class=\"mce-container-body mce-flow-layout\" style=\"color: inherit;\">\n<div id=\"mce_488\" class=\"mce-container mce-first mce-last mce-flow-layout-item mce-btn-group\" style=\"color: inherit;\">\n<div id=\"mce_488-body\" style=\"color: inherit;\">\n<div id=\"mce_454\" class=\"mce-widget mce-btn mce-first\" style=\"color: inherit;\" tabindex=\"-1\">\u00a0<\/div>\n<div id=\"mce_455\" class=\"mce-widget mce-btn\" style=\"color: inherit;\" tabindex=\"-1\">\u00a0<\/div>\n<div id=\"mce_456\" class=\"mce-widget mce-btn mce-splitbtn mce-menubtn\" style=\"color: inherit;\" tabindex=\"-1\">\u00a0<\/div>\n<div id=\"mce_457\" class=\"mce-widget mce-btn mce-splitbtn mce-menubtn\" style=\"color: inherit;\" tabindex=\"-1\">\u00a0<\/div>\n<div id=\"mce_458\" class=\"mce-widget mce-btn\" style=\"color: inherit;\" tabindex=\"-1\">\u00a0<\/div>\n<div id=\"mce_459\" class=\"mce-widget mce-btn\" style=\"color: inherit;\" tabindex=\"-1\">\u00a0<\/div>\n<div id=\"mce_460\" class=\"mce-widget mce-btn\" style=\"color: inherit;\" tabindex=\"-1\">\u00a0<\/div>\n<div id=\"mce_461\" class=\"mce-widget mce-btn\" style=\"color: inherit;\" tabindex=\"-1\">\u00a0<\/div>\n<div id=\"mce_462\" class=\"mce-widget mce-btn mce-disabled\" style=\"color: inherit;\" tabindex=\"-1\">\u00a0<\/div>\n<div id=\"mce_463\" class=\"mce-widget mce-btn mce-disabled\" style=\"color: inherit;\" tabindex=\"-1\">\u00a0<\/div>\n<div id=\"mce_464\" class=\"mce-widget mce-btn mce-menubtn\" style=\"color: inherit;\" tabindex=\"-1\"><button id=\"mce_464-open\" tabindex=\"-1\" type=\"button\">\u00a0<i class=\"mce-caret\" style=\"color: inherit;\"><\/i><\/button><\/div>\n<div id=\"mce_465\" class=\"mce-widget mce-btn\" style=\"color: inherit;\" tabindex=\"-1\">\u00a0<\/div>\n<div id=\"mce_466\" class=\"mce-widget mce-btn\" style=\"color: inherit;\" tabindex=\"-1\">\u00a0<\/div>\n<div id=\"mce_467\" class=\"mce-widget mce-btn mce-menubtn mce-fixed-width mce-listbox\" style=\"color: inherit;\" tabindex=\"-1\"><button id=\"mce_467-open\" tabindex=\"-1\" type=\"button\">Tailles de la police<i class=\"mce-caret\" style=\"color: inherit;\"><\/i><\/button><\/div>\n<div id=\"mce_468\" class=\"mce-widget mce-btn mce-menubtn mce-fixed-width mce-listbox\" style=\"color: inherit;\" tabindex=\"-1\"><button id=\"mce_468-open\" tabindex=\"-1\" type=\"button\">Paragraphe<i class=\"mce-caret\" style=\"color: inherit;\"><\/i><\/button><\/div>\n<div id=\"mce_469\" class=\"mce-widget mce-btn mce-colorbutton\" style=\"color: inherit;\" tabindex=\"-1\">\u00a0<\/div>\n<div id=\"mce_470\" class=\"mce-widget mce-btn mce-colorbutton\" style=\"color: inherit;\" tabindex=\"-1\">\u00a0<\/div>\n<div id=\"mce_471\" class=\"mce-widget mce-btn\" style=\"color: inherit;\" tabindex=\"-1\">\u00a0<\/div>\n<div id=\"mce_472\" class=\"mce-widget mce-btn\" style=\"color: inherit;\" tabindex=\"-1\">\u00a0<\/div>\n<div id=\"mce_473\" class=\"mce-widget mce-btn\" style=\"color: inherit;\" tabindex=\"-1\">\u00a0<\/div>\n<div id=\"mce_474\" class=\"mce-widget mce-btn\" style=\"color: inherit;\" tabindex=\"-1\">\u00a0<\/div>\n<div id=\"mce_475\" class=\"mce-widget mce-btn\" style=\"color: inherit;\" tabindex=\"-1\">\u00a0<\/div>\n<div id=\"mce_476\" class=\"mce-widget mce-btn mce-menubtn mce-last\" style=\"color: inherit;\" tabindex=\"-1\"><button id=\"mce_476-open\" tabindex=\"-1\" type=\"button\">Formats\u00a0<i class=\"mce-caret\" style=\"color: inherit;\"><\/i><\/button><\/div>\n<\/div>\n<\/div>\n<\/div>\n<\/div>\n<\/div>\n<\/div>\n<div id=\"mce_489\" class=\"mce-edit-area mce-container mce-panel mce-stack-layout-item\" style=\"color: inherit;\" tabindex=\"-1\"><iframe id=\"wysiwyg-acf-field-field_53861dda16b0e_0_field_53861e1116b11-54778b544d081_ifr\" style=\"color: inherit;\" title=\"Zone de texte enrichi. Appuyer sur ALT-F9 pour acc\u00e9der au menu. Appuyer sur ALT-F10 pour acc\u00e9der \u00e0 la barre d\u2019outils. Appuyer sur ALT-0 pour l\u2019aide.\" width=\"300\" height=\"150\" frameborder=\"0\"><\/iframe><\/div>\n<div id=\"mce_490\" class=\"mce-statusbar mce-container mce-panel mce-last mce-stack-layout-item\" style=\"color: inherit;\" tabindex=\"-1\">\n<div id=\"mce_490-body\" class=\"mce-container-body mce-flow-layout\" style=\"color: inherit;\">\n<div id=\"mce_491\" class=\"mce-path mce-first mce-flow-layout-item\" style=\"color: inherit;\">\n<div id=\"mce_491-0\" class=\"mce-path-item mce-last\" style=\"color: inherit;\" tabindex=\"-1\" data-index=\"0\">p<\/div>\n<\/div>\n<div id=\"mce_492\" class=\"mce-last mce-flow-layout-item mce-resizehandle\" style=\"color: inherit;\">\u00a0<\/div>\n<\/div>\n<\/div>\n<\/div>\n<\/div>\n<\/div>\n<\/div>\n<\/div>\n<\/td>\n<td class=\"field sub_field field_type-repeater field_key-field_53975b3b66464\" style=\"font-weight: inherit;\" data-field_type=\"repeater\" data-field_key=\"field_53975b3b66464\" data-field_name=\"contacts\">\n<div class=\"inner\">\n<div class=\"repeater\" data-min_rows=\"0\" data-max_rows=\"999\">\n<table class=\"widefat acf-input-table \">\n<thead>\n<tr>\n<th class=\"order\" style=\"font-weight: 400; color: #aaaaaa;\">\u00a0<\/th>\n<th class=\"acf-th-nom field_key-field_53975b5366465\" style=\"font-weight: 400;\">Nom<\/th>\n<th class=\"acf-th-courriel field_key-field_53975b6c66467\" style=\"font-weight: 400;\">Courriel<\/th>\n<th class=\"acf-th-telephone field_key-field_53975c0b091ca\" style=\"font-weight: 400;\">Telephone<\/th>\n<th class=\"acf-th-image field_key-field_53975b7666468\" style=\"font-weight: 400;\">Image<\/th>\n<th class=\"remove\" style=\"font-weight: 400;\">\u00a0<\/th>\n<\/tr>\n<\/thead>\n<tbody class=\"ui-sortable\">\n<tr class=\"row\">\n<td class=\"order\" style=\"font-weight: inherit; color: #aaaaaa;\">1<\/td>\n<td class=\"field sub_field field_type-text field_key-field_53975b5366465\" style=\"font-weight: inherit;\" data-field_type=\"text\" data-field_key=\"field_53975b5366465\" data-field_name=\"nom\">\n<div class=\"inner\">\n<div class=\"acf-input-wrap\"><input id=\"acf-field-field_53861dda16b0e_0_field_53975b3b66464_0_field_53975b5366465\" class=\"text\" style=\"font-weight: inherit;\" name=\"fields[field_53861dda16b0e][0][field_53975b3b66464][0][field_53975b5366465]\" type=\"text\" value=\"Monique Champagne\" placeholder=\"\" \/><\/div>\n<\/div>\n<\/td>\n<td class=\"field sub_field field_type-text field_key-field_53975b6c66467\" style=\"font-weight: inherit;\" data-field_type=\"text\" data-field_key=\"field_53975b6c66467\" data-field_name=\"courriel\">\n<div class=\"inner\">\n<div class=\"acf-input-wrap\"><input id=\"acf-field-field_53861dda16b0e_0_field_53975b3b66464_0_field_53975b6c66467\" class=\"text\" style=\"font-weight: inherit;\" name=\"fields[field_53861dda16b0e][0][field_53975b3b66464][0][field_53975b6c66467]\" type=\"text\" value=\"mc.sclerodermie@hotmail.ca\" placeholder=\"\" \/><\/div>\n<\/div>\n<\/td>\n<td class=\"field sub_field field_type-text field_key-field_53975c0b091ca\" style=\"font-weight: inherit;\" data-field_type=\"text\" data-field_key=\"field_53975c0b091ca\" data-field_name=\"telephone\">\n<div class=\"inner\">\n<div class=\"acf-input-wrap\"><input id=\"acf-field-field_53861dda16b0e_0_field_53975b3b66464_0_field_53975c0b091ca\" class=\"text\" style=\"font-weight: inherit;\" name=\"fields[field_53861dda16b0e][0][field_53975b3b66464][0][field_53975c0b091ca]\" type=\"text\" value=\"819 824-1125\" placeholder=\"\" \/><\/div>\n<\/div>\n<\/td>\n<td class=\"field sub_field field_type-image field_key-field_53975b7666468\" style=\"font-weight: inherit;\" data-field_type=\"image\" data-field_key=\"field_53975b7666468\" data-field_name=\"image\">\n<div class=\"inner\">\n<div class=\"acf-image-uploader clearfix active\" data-preview_size=\"thumbnail\" data-library=\"all\">\n<div class=\"has-image\">\n<div class=\"hover\">\u00a0<\/div>\n<p><img decoding=\"async\" class=\"acf-image-image\" src=\"http:\/\/dev5.sclerodermie.ca\/wp-content\/uploads\/2014\/05\/Monique-Champagne-e1402663007482-150x150.jpg\" alt=\"\" \/><\/p>\n<\/div>\n<\/div>\n<\/div>\n<\/td>\n<td class=\"remove\" style=\"font-weight: inherit; color: #555555;\">\u00a0<\/td>\n<\/tr>\n<\/tbody>\n<\/table>\n<ul class=\"hl clearfix repeater-footer\">\n<li class=\"right\"><a class=\"add-row-end acf-button\" style=\"color: #ffffff;\" href=\"http:\/\/dev5.sclerodermie.ca\/wp-admin\/post.php?post=267&amp;action=edit&amp;lang=fr&amp;admin_bar=1#\">Ad<\/a><\/li>\n<\/ul>\n<\/div>\n<\/div>\n<\/td>\n<\/tr>\n<\/tbody>\n<\/table>\n","protected":false},"excerpt":{"rendered":"<p>Ville R\u00e9gion Titre Description Contacts \u00a0 1 \u00a0Ajouter un m\u00e9dia Fichier\u00a0 Modifier\u00a0 Ins\u00e9rer\u00a0 Voir\u00a0 Formater\u00a0 Tableau\u00a0 Outils\u00a0 \u00a0 \u00a0 \u00a0 \u00a0 \u00a0 \u00a0 \u00a0 \u00a0 \u00a0 \u00a0 \u00a0 \u00a0 \u00a0 Tailles de la police Paragraphe \u00a0 \u00a0 \u00a0 \u00a0 \u00a0 \u00a0 \u00a0 Formats\u00a0 p \u00a0 \u00a0 Nom Courriel Telephone Image \u00a0 1 \u00a0 \u00a0 Ad<\/p>\n","protected":false},"author":6,"featured_media":0,"parent":388,"menu_order":0,"comment_status":"open","ping_status":"open","template":"page-groupe-de-soutien.php","meta":[],"acf":[],"yoast_head":"<!-- This site is optimized with the Yoast SEO plugin v19.14 - https:\/\/yoast.com\/wordpress\/plugins\/seo\/ -->\n<title>Find a support group - Sclerodermie<\/title>\n<meta name=\"robots\" content=\"index, follow, max-snippet:-1, max-image-preview:large, max-video-preview:-1\" \/>\n<link rel=\"canonical\" href=\"http:\/\/dev5.sclerodermie.ca\/en\/support-and-assistance\/find-a-support-group\/\" \/>\n<meta property=\"og:locale\" content=\"en_US\" \/>\n<meta property=\"og:type\" content=\"article\" \/>\n<meta property=\"og:title\" content=\"Find a support group - Sclerodermie\" \/>\n<meta property=\"og:description\" content=\"Ville R\u00e9gion Titre Description Contacts \u00a0 1 \u00a0Ajouter un m\u00e9dia Fichier\u00a0 Modifier\u00a0 Ins\u00e9rer\u00a0 Voir\u00a0 Formater\u00a0 Tableau\u00a0 Outils\u00a0 \u00a0 \u00a0 \u00a0 \u00a0 \u00a0 \u00a0 \u00a0 \u00a0 \u00a0 \u00a0 \u00a0 \u00a0 \u00a0 Tailles de la police Paragraphe \u00a0 \u00a0 \u00a0 \u00a0 \u00a0 \u00a0 \u00a0 Formats\u00a0 p \u00a0 \u00a0 Nom Courriel Telephone Image \u00a0 1 \u00a0 \u00a0 Ad\" \/>\n<meta property=\"og:url\" content=\"http:\/\/dev5.sclerodermie.ca\/en\/support-and-assistance\/find-a-support-group\/\" \/>\n<meta property=\"og:site_name\" content=\"Sclerodermie\" \/>\n<meta property=\"article:modified_time\" content=\"2020-11-26T21:25:44+00:00\" \/>\n<meta property=\"og:image\" content=\"http:\/\/dev5.sclerodermie.ca\/wp-content\/uploads\/2014\/05\/Monique-Champagne-e1402663007482-150x150.jpg\" \/>\n<meta name=\"twitter:card\" content=\"summary_large_image\" \/>\n<script type=\"application\/ld+json\" class=\"yoast-schema-graph\">{\"@context\":\"https:\/\/schema.org\",\"@graph\":[{\"@type\":\"WebPage\",\"@id\":\"http:\/\/dev5.sclerodermie.ca\/en\/support-and-assistance\/find-a-support-group\/\",\"url\":\"http:\/\/dev5.sclerodermie.ca\/en\/support-and-assistance\/find-a-support-group\/\",\"name\":\"Find a support group - Sclerodermie\",\"isPartOf\":{\"@id\":\"http:\/\/dev5.sclerodermie.ca\/#website\"},\"datePublished\":\"2020-11-25T13:20:44+00:00\",\"dateModified\":\"2020-11-26T21:25:44+00:00\",\"breadcrumb\":{\"@id\":\"http:\/\/dev5.sclerodermie.ca\/en\/support-and-assistance\/find-a-support-group\/#breadcrumb\"},\"inLanguage\":\"en-US\",\"potentialAction\":[{\"@type\":\"ReadAction\",\"target\":[\"http:\/\/dev5.sclerodermie.ca\/en\/support-and-assistance\/find-a-support-group\/\"]}]},{\"@type\":\"BreadcrumbList\",\"@id\":\"http:\/\/dev5.sclerodermie.ca\/en\/support-and-assistance\/find-a-support-group\/#breadcrumb\",\"itemListElement\":[{\"@type\":\"ListItem\",\"position\":1,\"name\":\"Accueil\",\"item\":\"http:\/\/dev5.sclerodermie.ca\/en\/\"},{\"@type\":\"ListItem\",\"position\":2,\"name\":\"Support in your community\",\"item\":\"http:\/\/dev5.sclerodermie.ca\/en\/support-and-assistance\/\"},{\"@type\":\"ListItem\",\"position\":3,\"name\":\"Find a support group\"}]},{\"@type\":\"WebSite\",\"@id\":\"http:\/\/dev5.sclerodermie.ca\/#website\",\"url\":\"http:\/\/dev5.sclerodermie.ca\/\",\"name\":\"Sclerodermie\",\"description\":\"\",\"potentialAction\":[{\"@type\":\"SearchAction\",\"target\":{\"@type\":\"EntryPoint\",\"urlTemplate\":\"http:\/\/dev5.sclerodermie.ca\/?s={search_term_string}\"},\"query-input\":\"required name=search_term_string\"}],\"inLanguage\":\"en-US\"}]}<\/script>\n<!-- \/ Yoast SEO plugin. -->","yoast_head_json":{"title":"Find a support group - Sclerodermie","robots":{"index":"index","follow":"follow","max-snippet":"max-snippet:-1","max-image-preview":"max-image-preview:large","max-video-preview":"max-video-preview:-1"},"canonical":"http:\/\/dev5.sclerodermie.ca\/en\/support-and-assistance\/find-a-support-group\/","og_locale":"en_US","og_type":"article","og_title":"Find a support group - Sclerodermie","og_description":"Ville R\u00e9gion Titre Description Contacts \u00a0 1 \u00a0Ajouter un m\u00e9dia Fichier\u00a0 Modifier\u00a0 Ins\u00e9rer\u00a0 Voir\u00a0 Formater\u00a0 Tableau\u00a0 Outils\u00a0 \u00a0 \u00a0 \u00a0 \u00a0 \u00a0 \u00a0 \u00a0 \u00a0 \u00a0 \u00a0 \u00a0 \u00a0 \u00a0 Tailles de la police Paragraphe \u00a0 \u00a0 \u00a0 \u00a0 \u00a0 \u00a0 \u00a0 Formats\u00a0 p \u00a0 \u00a0 Nom Courriel Telephone Image \u00a0 1 \u00a0 \u00a0 Ad","og_url":"http:\/\/dev5.sclerodermie.ca\/en\/support-and-assistance\/find-a-support-group\/","og_site_name":"Sclerodermie","article_modified_time":"2020-11-26T21:25:44+00:00","og_image":[{"url":"http:\/\/dev5.sclerodermie.ca\/wp-content\/uploads\/2014\/05\/Monique-Champagne-e1402663007482-150x150.jpg"}],"twitter_card":"summary_large_image","schema":{"@context":"https:\/\/schema.org","@graph":[{"@type":"WebPage","@id":"http:\/\/dev5.sclerodermie.ca\/en\/support-and-assistance\/find-a-support-group\/","url":"http:\/\/dev5.sclerodermie.ca\/en\/support-and-assistance\/find-a-support-group\/","name":"Find a support group - Sclerodermie","isPartOf":{"@id":"http:\/\/dev5.sclerodermie.ca\/#website"},"datePublished":"2020-11-25T13:20:44+00:00","dateModified":"2020-11-26T21:25:44+00:00","breadcrumb":{"@id":"http:\/\/dev5.sclerodermie.ca\/en\/support-and-assistance\/find-a-support-group\/#breadcrumb"},"inLanguage":"en-US","potentialAction":[{"@type":"ReadAction","target":["http:\/\/dev5.sclerodermie.ca\/en\/support-and-assistance\/find-a-support-group\/"]}]},{"@type":"BreadcrumbList","@id":"http:\/\/dev5.sclerodermie.ca\/en\/support-and-assistance\/find-a-support-group\/#breadcrumb","itemListElement":[{"@type":"ListItem","position":1,"name":"Accueil","item":"http:\/\/dev5.sclerodermie.ca\/en\/"},{"@type":"ListItem","position":2,"name":"Support in your community","item":"http:\/\/dev5.sclerodermie.ca\/en\/support-and-assistance\/"},{"@type":"ListItem","position":3,"name":"Find a support group"}]},{"@type":"WebSite","@id":"http:\/\/dev5.sclerodermie.ca\/#website","url":"http:\/\/dev5.sclerodermie.ca\/","name":"Sclerodermie","description":"","potentialAction":[{"@type":"SearchAction","target":{"@type":"EntryPoint","urlTemplate":"http:\/\/dev5.sclerodermie.ca\/?s={search_term_string}"},"query-input":"required name=search_term_string"}],"inLanguage":"en-US"}]}},"_links":{"self":[{"href":"http:\/\/dev5.sclerodermie.ca\/en\/wp-json\/wp\/v2\/pages\/392"}],"collection":[{"href":"http:\/\/dev5.sclerodermie.ca\/en\/wp-json\/wp\/v2\/pages"}],"about":[{"href":"http:\/\/dev5.sclerodermie.ca\/en\/wp-json\/wp\/v2\/types\/page"}],"author":[{"embeddable":true,"href":"http:\/\/dev5.sclerodermie.ca\/en\/wp-json\/wp\/v2\/users\/6"}],"replies":[{"embeddable":true,"href":"http:\/\/dev5.sclerodermie.ca\/en\/wp-json\/wp\/v2\/comments?post=392"}],"version-history":[{"count":18,"href":"http:\/\/dev5.sclerodermie.ca\/en\/wp-json\/wp\/v2\/pages\/392\/revisions"}],"predecessor-version":[{"id":20320,"href":"http:\/\/dev5.sclerodermie.ca\/en\/wp-json\/wp\/v2\/pages\/392\/revisions\/20320"}],"up":[{"embeddable":true,"href":"http:\/\/dev5.sclerodermie.ca\/en\/wp-json\/wp\/v2\/pages\/388"}],"wp:attachment":[{"href":"http:\/\/dev5.sclerodermie.ca\/en\/wp-json\/wp\/v2\/media?parent=392"}],"curies":[{"name":"wp","href":"https:\/\/api.w.org\/{rel}","templated":true}]}}