{"id":370,"date":"2014-06-04T14:15:20","date_gmt":"2014-06-04T13:15:20","guid":{"rendered":"http:\/\/dev5.sclerodermie.ca\/?page_id=370"},"modified":"2021-11-30T18:35:51","modified_gmt":"2021-11-30T17:35:51","slug":"scleroderma-in-the-media","status":"publish","type":"page","link":"http:\/\/dev5.sclerodermie.ca\/en\/media-room\/scleroderma-in-the-media\/","title":{"rendered":"Scleroderma in the media"},"content":{"rendered":"<h2>May 21, 2014<\/h2>\n<p><a href=\"http:\/\/dev5.sclerodermie.ca\/wp-content\/uploads\/2014\/05\/Cercle-dexcellence-Facult\u00e9-de-m\u00e9decine.jpg\"><img decoding=\"async\" loading=\"lazy\" class=\"alignnone wp-image-1037 size-medium\" src=\"http:\/\/dev5.sclerodermie.ca\/wp-content\/uploads\/2014\/05\/Cercle-dexcellence-Facult\u00e9-de-m\u00e9decine-300x199.jpg\" alt=\"\" width=\"300\" height=\"199\" srcset=\"http:\/\/dev5.sclerodermie.ca\/wp-content\/uploads\/2014\/05\/Cercle-dexcellence-Facult\u00e9-de-m\u00e9decine-300x199.jpg 300w, http:\/\/dev5.sclerodermie.ca\/wp-content\/uploads\/2014\/05\/Cercle-dexcellence-Facult\u00e9-de-m\u00e9decine-1024x682.jpg 1024w, http:\/\/dev5.sclerodermie.ca\/wp-content\/uploads\/2014\/05\/Cercle-dexcellence-Facult\u00e9-de-m\u00e9decine.jpg 2000w\" sizes=\"(max-width: 300px) 100vw, 300px\" \/><\/a><\/p>\n<p>On May 21, the\u00a0\u00a0<a href=\"http:\/\/www.synapse.umontreal.ca\/faculte\/8e-cercle-dexcellence-de-la-doyenne-de-la-faculte-de-medecine\/\">Circle of excellence of the Dean of the Faculty of Medecine of the Universit\u00e9 de Montr\u00e9al<\/a>\u00a0held its annual cocktail.\u00a0Representatives of Scleroderma Quebec and members of the Circle of excellence participated in this event organized in tribute to donors of the Faculty of Medicine. From left to right: Diane Collard, executive director of Scleroderma Quebec, Ga\u00e9tan Baril, vice-chairman of Board of directors of Scleroderma Quebec, Dr. H\u00e9l\u00e8ne\u00a0Boisjoly, dean of the Faculty of Medicine of the Universit\u00e9 de Montr\u00e9al and Dr. Jean-Luc Sen\u00e9cal, world-renowned rheumatologist, holder of the Universit\u00e9 of Montr\u00e9al\u2019s Scleroderma Research Chair.<\/p>\n<p>&nbsp;<\/p>\n","protected":false},"excerpt":{"rendered":"<p>May 21, 2014 On May 21, the\u00a0\u00a0Circle of excellence of the Dean of the Faculty of Medecine of the Universit\u00e9 de Montr\u00e9al\u00a0held its annual cocktail.\u00a0Representatives of Scleroderma Quebec and members of the Circle of excellence participated in this event organized in tribute to donors of the Faculty of Medicine. From left to right: Diane Collard, [&hellip;]<\/p>\n","protected":false},"author":6,"featured_media":0,"parent":366,"menu_order":0,"comment_status":"open","ping_status":"open","template":"page-salle-des-medias2.php","meta":[],"acf":[],"yoast_head":"<!-- This site is optimized with the Yoast SEO plugin v19.14 - https:\/\/yoast.com\/wordpress\/plugins\/seo\/ -->\n<title>Scleroderma in the media - Sclerodermie<\/title>\n<meta name=\"robots\" content=\"index, follow, max-snippet:-1, max-image-preview:large, max-video-preview:-1\" \/>\n<link rel=\"canonical\" href=\"http:\/\/dev5.sclerodermie.ca\/en\/media-room\/scleroderma-in-the-media\/\" \/>\n<meta property=\"og:locale\" content=\"en_US\" \/>\n<meta property=\"og:type\" content=\"article\" \/>\n<meta property=\"og:title\" content=\"Scleroderma in the media - Sclerodermie\" \/>\n<meta property=\"og:description\" content=\"May 21, 2014 On May 21, the\u00a0\u00a0Circle of excellence of the Dean of the Faculty of Medecine of the Universit\u00e9 de Montr\u00e9al\u00a0held its annual cocktail.\u00a0Representatives of Scleroderma Quebec and members of the Circle of excellence participated in this event organized in tribute to donors of the Faculty of Medicine. From left to right: Diane Collard, [&hellip;]\" \/>\n<meta property=\"og:url\" content=\"http:\/\/dev5.sclerodermie.ca\/en\/media-room\/scleroderma-in-the-media\/\" \/>\n<meta property=\"og:site_name\" content=\"Sclerodermie\" \/>\n<meta property=\"article:modified_time\" content=\"2021-11-30T17:35:51+00:00\" \/>\n<meta property=\"og:image\" content=\"http:\/\/dev5.sclerodermie.ca\/wp-content\/uploads\/2014\/05\/Cercle-dexcellence-Facult\u00e9-de-m\u00e9decine-300x199.jpg\" \/>\n<meta name=\"twitter:card\" content=\"summary_large_image\" \/>\n<meta name=\"twitter:label1\" content=\"Est. reading time\" \/>\n\t<meta name=\"twitter:data1\" content=\"1 minute\" \/>\n<script type=\"application\/ld+json\" class=\"yoast-schema-graph\">{\"@context\":\"https:\/\/schema.org\",\"@graph\":[{\"@type\":\"WebPage\",\"@id\":\"http:\/\/dev5.sclerodermie.ca\/en\/media-room\/scleroderma-in-the-media\/\",\"url\":\"http:\/\/dev5.sclerodermie.ca\/en\/media-room\/scleroderma-in-the-media\/\",\"name\":\"Scleroderma in the media - Sclerodermie\",\"isPartOf\":{\"@id\":\"http:\/\/dev5.sclerodermie.ca\/#website\"},\"datePublished\":\"2014-06-04T13:15:20+00:00\",\"dateModified\":\"2021-11-30T17:35:51+00:00\",\"breadcrumb\":{\"@id\":\"http:\/\/dev5.sclerodermie.ca\/en\/media-room\/scleroderma-in-the-media\/#breadcrumb\"},\"inLanguage\":\"en-US\",\"potentialAction\":[{\"@type\":\"ReadAction\",\"target\":[\"http:\/\/dev5.sclerodermie.ca\/en\/media-room\/scleroderma-in-the-media\/\"]}]},{\"@type\":\"BreadcrumbList\",\"@id\":\"http:\/\/dev5.sclerodermie.ca\/en\/media-room\/scleroderma-in-the-media\/#breadcrumb\",\"itemListElement\":[{\"@type\":\"ListItem\",\"position\":1,\"name\":\"Accueil\",\"item\":\"http:\/\/dev5.sclerodermie.ca\/en\/\"},{\"@type\":\"ListItem\",\"position\":2,\"name\":\"Media Room\",\"item\":\"http:\/\/dev5.sclerodermie.ca\/en\/media-room\/\"},{\"@type\":\"ListItem\",\"position\":3,\"name\":\"Scleroderma in the media\"}]},{\"@type\":\"WebSite\",\"@id\":\"http:\/\/dev5.sclerodermie.ca\/#website\",\"url\":\"http:\/\/dev5.sclerodermie.ca\/\",\"name\":\"Sclerodermie\",\"description\":\"\",\"potentialAction\":[{\"@type\":\"SearchAction\",\"target\":{\"@type\":\"EntryPoint\",\"urlTemplate\":\"http:\/\/dev5.sclerodermie.ca\/?s={search_term_string}\"},\"query-input\":\"required name=search_term_string\"}],\"inLanguage\":\"en-US\"}]}<\/script>\n<!-- \/ Yoast SEO plugin. -->","yoast_head_json":{"title":"Scleroderma in the media - Sclerodermie","robots":{"index":"index","follow":"follow","max-snippet":"max-snippet:-1","max-image-preview":"max-image-preview:large","max-video-preview":"max-video-preview:-1"},"canonical":"http:\/\/dev5.sclerodermie.ca\/en\/media-room\/scleroderma-in-the-media\/","og_locale":"en_US","og_type":"article","og_title":"Scleroderma in the media - Sclerodermie","og_description":"May 21, 2014 On May 21, the\u00a0\u00a0Circle of excellence of the Dean of the Faculty of Medecine of the Universit\u00e9 de Montr\u00e9al\u00a0held its annual cocktail.\u00a0Representatives of Scleroderma Quebec and members of the Circle of excellence participated in this event organized in tribute to donors of the Faculty of Medicine. From left to right: Diane Collard, [&hellip;]","og_url":"http:\/\/dev5.sclerodermie.ca\/en\/media-room\/scleroderma-in-the-media\/","og_site_name":"Sclerodermie","article_modified_time":"2021-11-30T17:35:51+00:00","og_image":[{"url":"http:\/\/dev5.sclerodermie.ca\/wp-content\/uploads\/2014\/05\/Cercle-dexcellence-Facult\u00e9-de-m\u00e9decine-300x199.jpg"}],"twitter_card":"summary_large_image","twitter_misc":{"Est. reading time":"1 minute"},"schema":{"@context":"https:\/\/schema.org","@graph":[{"@type":"WebPage","@id":"http:\/\/dev5.sclerodermie.ca\/en\/media-room\/scleroderma-in-the-media\/","url":"http:\/\/dev5.sclerodermie.ca\/en\/media-room\/scleroderma-in-the-media\/","name":"Scleroderma in the media - Sclerodermie","isPartOf":{"@id":"http:\/\/dev5.sclerodermie.ca\/#website"},"datePublished":"2014-06-04T13:15:20+00:00","dateModified":"2021-11-30T17:35:51+00:00","breadcrumb":{"@id":"http:\/\/dev5.sclerodermie.ca\/en\/media-room\/scleroderma-in-the-media\/#breadcrumb"},"inLanguage":"en-US","potentialAction":[{"@type":"ReadAction","target":["http:\/\/dev5.sclerodermie.ca\/en\/media-room\/scleroderma-in-the-media\/"]}]},{"@type":"BreadcrumbList","@id":"http:\/\/dev5.sclerodermie.ca\/en\/media-room\/scleroderma-in-the-media\/#breadcrumb","itemListElement":[{"@type":"ListItem","position":1,"name":"Accueil","item":"http:\/\/dev5.sclerodermie.ca\/en\/"},{"@type":"ListItem","position":2,"name":"Media Room","item":"http:\/\/dev5.sclerodermie.ca\/en\/media-room\/"},{"@type":"ListItem","position":3,"name":"Scleroderma in the media"}]},{"@type":"WebSite","@id":"http:\/\/dev5.sclerodermie.ca\/#website","url":"http:\/\/dev5.sclerodermie.ca\/","name":"Sclerodermie","description":"","potentialAction":[{"@type":"SearchAction","target":{"@type":"EntryPoint","urlTemplate":"http:\/\/dev5.sclerodermie.ca\/?s={search_term_string}"},"query-input":"required name=search_term_string"}],"inLanguage":"en-US"}]}},"_links":{"self":[{"href":"http:\/\/dev5.sclerodermie.ca\/en\/wp-json\/wp\/v2\/pages\/370"}],"collection":[{"href":"http:\/\/dev5.sclerodermie.ca\/en\/wp-json\/wp\/v2\/pages"}],"about":[{"href":"http:\/\/dev5.sclerodermie.ca\/en\/wp-json\/wp\/v2\/types\/page"}],"author":[{"embeddable":true,"href":"http:\/\/dev5.sclerodermie.ca\/en\/wp-json\/wp\/v2\/users\/6"}],"replies":[{"embeddable":true,"href":"http:\/\/dev5.sclerodermie.ca\/en\/wp-json\/wp\/v2\/comments?post=370"}],"version-history":[{"count":1,"href":"http:\/\/dev5.sclerodermie.ca\/en\/wp-json\/wp\/v2\/pages\/370\/revisions"}],"predecessor-version":[{"id":23664,"href":"http:\/\/dev5.sclerodermie.ca\/en\/wp-json\/wp\/v2\/pages\/370\/revisions\/23664"}],"up":[{"embeddable":true,"href":"http:\/\/dev5.sclerodermie.ca\/en\/wp-json\/wp\/v2\/pages\/366"}],"wp:attachment":[{"href":"http:\/\/dev5.sclerodermie.ca\/en\/wp-json\/wp\/v2\/media?parent=370"}],"curies":[{"name":"wp","href":"https:\/\/api.w.org\/{rel}","templated":true}]}}